{"id":439,"date":"2020-11-11T10:15:03","date_gmt":"2020-11-11T10:15:03","guid":{"rendered":"https:\/\/restauraciosjd.cat\/politica-de-cookies"},"modified":"2020-11-11T10:29:48","modified_gmt":"2020-11-11T10:29:48","slug":"politica-de-cookies","status":"publish","type":"page","link":"https:\/\/restauraciosjd.cat\/es\/politica-de-cookies","title":{"rendered":"Politica de cookies"},"content":{"rendered":"<p>[et_pb_section fb_built=&#8221;1&#8243; _builder_version=&#8221;4.6.6&#8243; _module_preset=&#8221;default&#8221;][et_pb_row _builder_version=&#8221;4.6.6&#8243; _module_preset=&#8221;default&#8221;][et_pb_column type=&#8221;4_4&#8243; _builder_version=&#8221;4.6.6&#8243; _module_preset=&#8221;default&#8221;][et_pb_text _builder_version=&#8221;4.6.6&#8243; _module_preset=&#8221;default&#8221; hover_enabled=&#8221;0&#8243; sticky_enabled=&#8221;0&#8243;]<\/p>\n<h1>POL\u00cdTICA DE COOKIES<\/h1>\n<p>&nbsp;<\/p>\n<p>D&#8217;acord amb el que estableix la Llei 34\/2002, d&#8217;11 de juliol, de Serveis de la Societat de la Informaci\u00f3 i de Comer\u00e7 Electr\u00f2nic i el Reial decret 13\/2012, s&#8217;informa que l\u2019 Ajuntament de Sant Joan Desp\u00ed utilitza cookies.<\/p>\n<p>Una cookie \u00e9s un dispositiu que es descarrega en el seu equip per emmagatzemar informaci\u00f3.<\/p>\n<p>Utilitzem les seg\u00fcents cookies:<\/p>\n<p>&nbsp;<\/p>\n<table width=\"798\">\n<thead>\n<tr>\n<td><strong>NOM<\/strong><\/td>\n<td><strong>FINALITAT<\/strong><\/td>\n<td><strong>DURADA APROXIMADA<\/strong><\/td>\n<td><strong>PROPIETARI<\/strong><\/td>\n<\/tr>\n<\/thead>\n<tbody>\n<tr>\n<td>_first_pageview<\/td>\n<td>Aquesta galeta s&#8217;estableix en la primera vista de la p\u00e0gina d&#8217;una sessi\u00f3.\u00a0S&#8217;utilitza per fer que el nostre codi de seguiment sigui m\u00e9s eficient, de manera que determinats processos nom\u00e9s s&#8217;executen en vista de la p\u00e0gina inicial de visitant.<\/td>\n<td>10 minuts<\/td>\n<td>Ajuntament<\/td>\n<\/tr>\n<tr>\n<td>_jsuid<\/td>\n<td>Aquestes galetes s&#8217;utilitzen per guardar informaci\u00f3 sobre l&#8217;identificador d&#8217;usuari i quantes vegades s&#8217;ha vist a l&#8217;usuari en els diferents webs.<\/td>\n<td>20 anys<\/td>\n<td>Ajuntament<\/td>\n<\/tr>\n<tr>\n<td>_Referrer _og<\/td>\n<td>Aquesta galeta emmagatzema el referent extern per a un visitant, de manera que en futures visites del mateix remitent s&#8217;adjuntaran a les seves sessions.<\/td>\n<td>90 dies<\/td>\n<td>Ajuntament<\/td>\n<\/tr>\n<tr>\n<td>eZSESSIDsjd<\/td>\n<td>Aquesta galeta s&#8217;utilitza per establir la sessi\u00f3 de l&#8217;usuari que visita el lloc.<\/td>\n<td>De sessi\u00f3<\/td>\n<td>Ajuntament<\/td>\n<\/tr>\n<tr>\n<td>no_trackyy_66504777<\/td>\n<td>Aquesta galeta s&#8217;estableix cada vegada que les dades s&#8217;envien en un lloc que est\u00e0 desactivat.<br \/> Se li diu al nostre codi de seguiment per detenir l&#8217;enviament de dades a nosaltres.<\/td>\n<td>24 hores<\/td>\n<td>Ajuntament<\/td>\n<\/tr>\n<\/tbody>\n<\/table>\n<p>&nbsp;<\/p>\n<p>Pot deshabilitar l&#8217;\u00fas de les cookies de tercers mitjan\u00e7ant la configuraci\u00f3 de les opcions del navegador instal\u2022lat en el seu ordinador:<\/p>\n<ul>\n<li>Per a m\u00e9s informaci\u00f3 sobre el Navegador Internet Explorer, <a href=\"https:\/\/support.microsoft.com\/en-us\/topic\/delete-and-manage-cookies-168dab11-0753-043d-7c16-ede5947fc64d\" target=\"_blank\" rel=\"noopener noreferrer\">premi aqu\u00ed.<\/a><\/li>\n<li>Per a m\u00e9s informaci\u00f3 sobre el Navegador Chrome, <a href=\"https:\/\/support.google.com\/chrome\/answer\/95647?hl=es\" target=\"_blank\" rel=\"noopener noreferrer\">premi aqu\u00ed.<\/a><\/li>\n<li>Per a m\u00e9s informaci\u00f3 sobre el Navegador Mozilla Firefox, <a href=\"https:\/\/support.mozilla.org\/es\/kb\/habilitar-y-deshabilitar-cookies-sitios-web-rastrear-preferencias?redirectslug=habilitar-y-deshabilitar-cookies-que-los-sitios-we&amp;redirectlocale=es\" target=\"_blank\" rel=\"noopener noreferrer\">premi aqu\u00ed.<\/a><\/li>\n<li>Per a m\u00e9s informaci\u00f3 sobre el Navegador Safari, <a href=\"https:\/\/support.apple.com\/es-es\/HT201265\" target=\"_blank\" rel=\"noopener noreferrer\">premi aqu\u00ed.<\/a><\/li>\n<\/ul>\n<p>Finalment, li informem que deshabilitar l&#8217;\u00fas de *cookies de tercers no incideix en les funcionalitats que ofereix la nostra p\u00e0gina web.<br \/> Per favor, si tingu\u00e9s algun dubte o consulta sobre la nostra Pol\u00edtica de Cookies, escrigui a: <a href=\"mailto:promocio@sjdespi.net\">promocio@sjdespi.net<\/a><\/p>\n<p>&nbsp;<\/p>\n<h3>Com desactivar les cookies?<\/h3>\n<p><strong>Internet Explorer:<\/strong> Entri al men\u00fa d&#8217;Internet Explorer de la seva versi\u00f3, seleccioni: \u201cEines\u201d, \u201cOpcions d&#8217;Internet\u201d, \u201cPrivadesa\u201d, \u201cConfiguraci\u00f3\u201d, mogui el control lliscant totalment cap amunt per bloquejar totes les cookies i, a continuaci\u00f3, seleccioni \u201cAcceptar\u201d.<\/p>\n<p><strong>Chrome:<\/strong> Entri al men\u00fa de Chrome, seleccioni: \u201cConfiguraci\u00f3\u201d, \u201cMostrar opcions avan\u00e7ades\u201d, \u201cConfiguraci\u00f3 de contingut\u201d. Li apareixer\u00e0 una finestra en la qual pot decidir desactivar les cookies.<\/p>\n<p><strong>Mozilla Firefox:<\/strong> Entri al men\u00fa de Mozilla, seleccioni: \u201cEines\u201d, \u201cOpcions\u201d, \u201cPrivadesa\u201d, \u201cUsar configuraci\u00f3 personalitzada per a l&#8217;historial\u201d. Li apareixer\u00e0 l&#8217;opci\u00f3 per desactivar les cookies desmarcant la casella corresponent.<\/p>\n<p><strong>Uns altres:<\/strong> Si desitja obtenir informaci\u00f3 sobre com desactivar les cookies d&#8217;altres navegadors, si us plau, consulti el men\u00fa del navegador que utilitza.<\/p>\n<p>[\/et_pb_text][\/et_pb_column][\/et_pb_row][\/et_pb_section]<\/p>\n","protected":false},"excerpt":{"rendered":"<p>POL\u00cdTICA DE COOKIES &nbsp; D&#8217;acord amb el que estableix la Llei 34\/2002, d&#8217;11 de juliol, de Serveis de la Societat de la Informaci\u00f3 i de Comer\u00e7 Electr\u00f2nic i el Reial decret 13\/2012, s&#8217;informa que l\u2019 Ajuntament de Sant Joan Desp\u00ed utilitza cookies. Una cookie \u00e9s un dispositiu que es descarrega en el seu equip per [&hellip;]<\/p>\n","protected":false},"author":1,"featured_media":0,"parent":0,"menu_order":0,"comment_status":"closed","ping_status":"closed","template":"","meta":{"_et_pb_use_builder":"on","_et_pb_old_content":"","_et_gb_content_width":"","footnotes":""},"class_list":["post-439","page","type-page","status-publish","hentry"],"_links":{"self":[{"href":"https:\/\/restauraciosjd.cat\/es\/wp-json\/wp\/v2\/pages\/439","targetHints":{"allow":["GET"]}}],"collection":[{"href":"https:\/\/restauraciosjd.cat\/es\/wp-json\/wp\/v2\/pages"}],"about":[{"href":"https:\/\/restauraciosjd.cat\/es\/wp-json\/wp\/v2\/types\/page"}],"author":[{"embeddable":true,"href":"https:\/\/restauraciosjd.cat\/es\/wp-json\/wp\/v2\/users\/1"}],"replies":[{"embeddable":true,"href":"https:\/\/restauraciosjd.cat\/es\/wp-json\/wp\/v2\/comments?post=439"}],"version-history":[{"count":3,"href":"https:\/\/restauraciosjd.cat\/es\/wp-json\/wp\/v2\/pages\/439\/revisions"}],"predecessor-version":[{"id":446,"href":"https:\/\/restauraciosjd.cat\/es\/wp-json\/wp\/v2\/pages\/439\/revisions\/446"}],"wp:attachment":[{"href":"https:\/\/restauraciosjd.cat\/es\/wp-json\/wp\/v2\/media?parent=439"}],"curies":[{"name":"wp","href":"https:\/\/api.w.org\/{rel}","templated":true}]}}