{"id":428,"date":"2020-11-11T09:56:00","date_gmt":"2020-11-11T09:56:00","guid":{"rendered":"https:\/\/restauraciosjd.cat\/aviso-legal"},"modified":"2024-10-23T08:18:22","modified_gmt":"2024-10-23T08:18:22","slug":"aviso-legal","status":"publish","type":"page","link":"https:\/\/restauraciosjd.cat\/es\/aviso-legal","title":{"rendered":"Aviso legal"},"content":{"rendered":"<p>[et_pb_section fb_built=&#8221;1&#8243; _builder_version=&#8221;4.6.6&#8243; _module_preset=&#8221;default&#8221;][et_pb_row _builder_version=&#8221;4.6.6&#8243; _module_preset=&#8221;default&#8221;][et_pb_column type=&#8221;4_4&#8243; _builder_version=&#8221;4.6.6&#8243; _module_preset=&#8221;default&#8221;][et_pb_text _builder_version=&#8221;4.6.6&#8243; _module_preset=&#8221;default&#8221; hover_enabled=&#8221;0&#8243; sticky_enabled=&#8221;0&#8243;]<\/p>\n<h1>AVISO LEGAL<\/h1>\n<p>&nbsp;<\/p>\n<h3>1. DATOS IDENTIFICATIVOS DEL SITIO WEB<\/h3>\n<p>En cumplimiento de la Ley 34\/2002, de 11 de julio, de Servicios de la Sociedad de la Informaci\u00f3n y de Comercio Electr\u00f3nico, se informa que la titularidad de la p\u00e1gina web https:\/\/restauraciosjd.cat\/ corresponde a Ayuntamiento de Sant Joan Desp\u00ed.<\/p>\n<p>El Ayuntamiento de Sant Joan Desp\u00ed es un administraci\u00f3n p\u00fablica de car\u00e1cter local, con NIF P-0821600-D y domicilio fiscal en: Camino del Medio, 9- 11 08970 Sant Joan Desp\u00ed (Barcelona). Se puede puede contactar con el Ayuntamiento llamando al Tel. 93 480 60 00 o enviando un correo electr\u00f3nico a: <a href=\"mailto:ajuntament@sjdespi.net\">ajuntament@sjdespi.net<\/a><\/p>\n<p>&nbsp;<\/p>\n<h3>2. DERECHOS DE PROPIEDAD INTELECTUAL<\/h3>\n<p>Los nombres y marcas comerciales o registradas, logotipos u otros signos distintivos son propiedad del Ayuntamiento de Sant Joan Desp\u00ed. Cualquier uso no autorizado previamente por el Ayuntamiento de Sant Joan Desp\u00ed de estos contenidos y todos los dem\u00e1s de la p\u00e1gina web, incluidos bases de datos, programas inform\u00e1ticos, edici\u00f3n, programaci\u00f3n, compilaci\u00f3n y dem\u00e1s elementos necesarios para su funcionamiento, dise\u00f1os, textos y gr\u00e1ficos, ser\u00e1 considerado un incumplimiento grave de los derechos de propiedad intelectual o industrial.<\/p>\n<p>En ning\u00fan caso se entender\u00e1 que el acceso y navegaci\u00f3n por esta p\u00e1gina web o la utilizaci\u00f3n de los servicios ofrecidos implica una cesi\u00f3n total o parcial de estos derechos en favor del usuario. Por lo tanto, queda prohibida la copia, modificaci\u00f3n, reproducci\u00f3n, comunicaci\u00f3n p\u00fablica, transformaci\u00f3n o distribuci\u00f3n por cualquier medio de los contenidos totales o parciales de esta p\u00e1gina web, sin autorizaci\u00f3n previa y expresa de los titulares de los derechos correspondientes.<\/p>\n<p>&nbsp;<\/p>\n<h3>3. LIMITACI\u00d3N DE RESPONSABILIDADES<\/h3>\n<p>De acuerdo con lo que establece la Ley 34\/2002, de 11 de julio, de Servicios de la Sociedad de la Informaci\u00f3n y del Comercio Electr\u00f3nico, la informaci\u00f3n que se difunde por esta p\u00e1gina web se realiza a t\u00edtulo puramente informativo.<\/p>\n<p>Con el objeto de facilitar el acceso a informaci\u00f3n que pueda resultar de inter\u00e9s, el Ayuntamiento de Sant Joan Desp\u00ed puede incluir en su p\u00e1gina web enlaces a p\u00e1ginas de terceros. Sin embargo, no se hace responsable de las informaciones comerciales contenidas en estos sitios o de cualquiera de los servicios o pr\u00e1cticas que se vinculen o relacionen con las p\u00e1ginas web enlazadas, ya que esto est\u00e1 fuera de su control.<\/p>\n<p>El Ayuntamiento de Sant Joan Desp\u00ed no se responsabiliza de los da\u00f1os o perjuicios derivados del uso de esta p\u00e1gina web ni de cualquier infracci\u00f3n de las condiciones, normas e instrucciones establecidas en este Aviso Legal.<\/p>\n<p>El Ayuntamiento de Sant Joan Desp\u00ed no garantiza la ausencia de virus y \/ u otros elementos lesivos en esta p\u00e1gina web y el servidor que la suministra, ni la invulnerabilidad de la misma. De acuerdo con ello, no se hace responsable de los da\u00f1os y perjuicios que estos elementos puedan ocasionar al usuario o terceros.<\/p>\n<p>El Ayuntamiento de Sant Joan Desp\u00ed no garantiza la aplicaci\u00f3n de este Aviso Legal en los accesos mediante enlaces de terceros a esta p\u00e1gina web, ni los enlaces de esta p\u00e1gina web a otras webs. De acuerdo con esto y con lo previsto en la Ley 34\/2002, de 11 de julio, de Servicios de la Sociedad de la Informaci\u00f3n y Comercio Electr\u00f3nico, todo enlace de terceros a esta p\u00e1gina web deber\u00e1 hacerse a su p\u00e1gina principal o de entrada y no podr\u00e1n realizar ninguna modificaci\u00f3n, limitaci\u00f3n o realizar ning\u00fan tipo de manifestaci\u00f3n sobre la p\u00e1gina web comprometi\u00e9ndose a cumplir con el resto de previsiones de esta normativa.<\/p>\n<p>El Ayuntamiento de Sant Joan Desp\u00ed no se hace responsable del uso fraudulento de la informaci\u00f3n contenida en este sitio web y se reserva la eventual utilizaci\u00f3n de las medidas legales pertinentes para la protecci\u00f3n de su imagen o intereses.<\/p>\n<p>&nbsp;<\/p>\n<h3>4. JURISDICCI\u00d3N Y LEYES APLICABLES<\/h3>\n<p>Este sitio web se rige por las leyes espa\u00f1olas independientemente del entorno legal del usuario, y cualquier litigio que se suscite se dirimir\u00e1 en los tribunales espa\u00f1oles.<\/p>\n<p>[\/et_pb_text][\/et_pb_column][\/et_pb_row][\/et_pb_section]<\/p>\n","protected":false},"excerpt":{"rendered":"<p>AVISO LEGAL &nbsp; 1. DATOS IDENTIFICATIVOS DEL SITIO WEB En cumplimiento de la Ley 34\/2002, de 11 de julio, de Servicios de la Sociedad de la Informaci\u00f3n y de Comercio Electr\u00f3nico, se informa que la titularidad de la p\u00e1gina web https:\/\/restauraciosjd.cat\/ corresponde a Ayuntamiento de Sant Joan Desp\u00ed. El Ayuntamiento de Sant Joan Desp\u00ed es [&hellip;]<\/p>\n","protected":false},"author":1,"featured_media":0,"parent":0,"menu_order":0,"comment_status":"closed","ping_status":"closed","template":"","meta":{"_et_pb_use_builder":"on","_et_pb_old_content":"","_et_gb_content_width":"","footnotes":""},"class_list":["post-428","page","type-page","status-publish","hentry"],"_links":{"self":[{"href":"https:\/\/restauraciosjd.cat\/es\/wp-json\/wp\/v2\/pages\/428","targetHints":{"allow":["GET"]}}],"collection":[{"href":"https:\/\/restauraciosjd.cat\/es\/wp-json\/wp\/v2\/pages"}],"about":[{"href":"https:\/\/restauraciosjd.cat\/es\/wp-json\/wp\/v2\/types\/page"}],"author":[{"embeddable":true,"href":"https:\/\/restauraciosjd.cat\/es\/wp-json\/wp\/v2\/users\/1"}],"replies":[{"embeddable":true,"href":"https:\/\/restauraciosjd.cat\/es\/wp-json\/wp\/v2\/comments?post=428"}],"version-history":[{"count":3,"href":"https:\/\/restauraciosjd.cat\/es\/wp-json\/wp\/v2\/pages\/428\/revisions"}],"predecessor-version":[{"id":8919,"href":"https:\/\/restauraciosjd.cat\/es\/wp-json\/wp\/v2\/pages\/428\/revisions\/8919"}],"wp:attachment":[{"href":"https:\/\/restauraciosjd.cat\/es\/wp-json\/wp\/v2\/media?parent=428"}],"curies":[{"name":"wp","href":"https:\/\/api.w.org\/{rel}","templated":true}]}}